{"id":47,"date":"2025-01-20T10:27:24","date_gmt":"2025-01-20T16:27:24","guid":{"rendered":"https:\/\/upbeat-margulis.74-208-186-137.plesk.page\/?page_id=47"},"modified":"2025-01-20T10:28:01","modified_gmt":"2025-01-20T16:28:01","slug":"terminos-condiciones","status":"publish","type":"page","link":"https:\/\/upbeat-margulis.74-208-186-137.plesk.page\/en\/terminos-condiciones\/","title":{"rendered":"T\u00e9rminos y Condiciones"},"content":{"rendered":"<div class=\"df-block wp-block-paragraph\">\n<p class=\"has-text-align-center\"><strong>Al adquirir un boleto o aceptar el transporte, el pasajero acepta las siguientes condiciones:<\/strong><\/p>\n<\/div>\n\n<div class=\"df-block wp-block-list\">\n<ol class=\"wp-block-list\">\n<li>Presentarse al menos una (1) hora antes de la salida prevista para adquirir boleto\/s o mandar carga. Cada pasajero requiere presentar un documento de identificaci\u00f3n legal (Tarjeta de Identidad o cedula, Pasaporte, Licencia, Partida de nacimiento, Contrase\u00f1a, etc.) y cada pasajero debe portar su documento de identificaci\u00f3n en todo momento. Pasajeros menores de 18 a\u00f1os viajando sin sus padres deben presentar documento firmado de parte de sus padres o guardianes legales autorizando el viaje del menor.<\/li>\n\n\n\n<li>Se requiere mencionar numeros de identidades y numeros de telefonos de todos los involucrados. Utila Dream se reserva el derecho de no aceptar pasajeros que demuestren estar bajo las influencias de drogas, o que presentan una amenaza a los dem\u00e1s pasajeros, tripulaci\u00f3n y barco.<\/li>\n\n\n\n<li>Pasajeros adultos y j\u00f3venes mayores de 11 a\u00f1os pagan tarifa completa.<\/li>\n\n\n\n<li>Hondure\u00f1os o Residentes Hondure\u00f1os mayores de 60 a\u00f1os tiene derecho a un 25% de descuento de la tarifa normal. Ni\u00f1os de 5 a 10 a\u00f1os pagan 50% de la tarifa normal, no aplica en promociones. Ni\u00f1os menores de 5 a\u00f1os viajan gratis.<\/li>\n\n\n\n<li>No hacemos reembolsos de BOLETOS, Ni intercambios. Todas las ventas son finales. Solo se aceptan cambios de fechas y rutas dentro de un a\u00f1o despues de la fecha de emisi\u00f3n.<\/li>\n\n\n\n<li>Nuevos precios podr\u00e1n variar segun temporada por lo que cualquier cambio solicitado en compras hechas durante promociones podr\u00e1n tener ajustes que representen el pago total del precio normal del boleto.<\/li>\n\n\n\n<li>La responsabilidad primordial de Utila Dream es la seguridad de sus clientes y tripulaci\u00f3n. Utila Dream se reserva el derecho a cancelar el viaje, retrasarlo, o desviar la ruta si las condiciones del clima, o factores externos e internos posean una amenaza antes la seguridad de los pasajeros, o el bienestar del bote, sin que se considere infracci\u00f3n al contrato de servicio, o sea responsable a da\u00f1os financieros.<\/li>\n\n\n\n<li>Cada pasajero etiquetado tiene permitido un m\u00e1ximo de dos (2) maletas de equipaje, con un peso m\u00e1ximo de 50 libras cada uno. Las maletas de equipaje pueden ser sujetas a cargos adicionales por exceso de peso o tama\u00f1o. Solo se permite una (1) maleta de mano peque\u00f1a por pasajero. Restricci\u00f3n de tama\u00f1o: 9 pulgadas X 17 pulgadas X 10 pulgadas. Equipaje adicional ser\u00e1 etiquetado como carga.<\/li>\n\n\n\n<li>Utila Dream ofrece servicios de carga 7 d\u00edas a la semana, ideal para carga sensible al tiempo. La carga debe ser atendida y etiquetada una hora antes de la salida. Si no, la carga enfrenta la posibilidad de ser enviado hasta el siguiente viaje disponible. La carga es enviada basada en hora de entrega, espacio disponible y disponibilidad de recoger a la hora de llegada. La carga ser\u00e1 facturada por art\u00edculo y precio predeterminado, o determinando el peso actual y el peso dimensional, el peso de mayor valor ser\u00e1 usado para calcular la tarifa.<\/li>\n\n\n\n<li>Utila Dream no se hace responsable de art\u00edculos perecederos o fr\u00e1giles, ya que los viajes en bote suelen enfrentarse con aguas turbulentas.<\/li>\n\n\n\n<li>Carga que no sea recogida despues de 10 d\u00edas de haber sido desembarcada, y sin instrucciones adicionales, ser\u00e1 considerada no reclamada\/abandonada. Utila Dream podr\u00e1 disponer, vender, o deshacerse de carga no reclamada\/abandonada a su discreci\u00f3n unica. Art\u00edculos perecederos se botar\u00e1n despues de 48 horas de haber llegado a su terminal final.<\/li>\n\n\n\n<li>No se permite portar ningun tipo de arma en las instalaciones de Utila Dream. Para el transporte de armas el pasajero debe entregarla\/s a Utila Dream como carga. Due\u00f1o de arma de fuego debe estar viajando en la misma ruta, y solo se aceptan armas de fuego registradas. No se permite transportar mercanc\u00eda ilegal.<\/li>\n\n\n\n<li>Se permite transportar animales domesticos en jaulas de tama\u00f1o adecuado para el animal.<\/li>\n<\/ol>\n<\/div>","protected":false},"excerpt":{"rendered":"<p>Al adquirir un boleto o aceptar el transporte, el pasajero acepta las siguientes condiciones:<\/p>\n","protected":false},"author":1,"featured_media":0,"parent":0,"menu_order":0,"comment_status":"closed","ping_status":"closed","template":"template-privacy.php","meta":{"_acf_changed":false,"footnotes":""},"class_list":["post-47","page","type-page","status-publish","hentry"],"acf":[],"_links":{"self":[{"href":"https:\/\/upbeat-margulis.74-208-186-137.plesk.page\/en\/wp-json\/wp\/v2\/pages\/47","targetHints":{"allow":["GET"]}}],"collection":[{"href":"https:\/\/upbeat-margulis.74-208-186-137.plesk.page\/en\/wp-json\/wp\/v2\/pages"}],"about":[{"href":"https:\/\/upbeat-margulis.74-208-186-137.plesk.page\/en\/wp-json\/wp\/v2\/types\/page"}],"author":[{"embeddable":true,"href":"https:\/\/upbeat-margulis.74-208-186-137.plesk.page\/en\/wp-json\/wp\/v2\/users\/1"}],"replies":[{"embeddable":true,"href":"https:\/\/upbeat-margulis.74-208-186-137.plesk.page\/en\/wp-json\/wp\/v2\/comments?post=47"}],"version-history":[{"count":2,"href":"https:\/\/upbeat-margulis.74-208-186-137.plesk.page\/en\/wp-json\/wp\/v2\/pages\/47\/revisions"}],"predecessor-version":[{"id":49,"href":"https:\/\/upbeat-margulis.74-208-186-137.plesk.page\/en\/wp-json\/wp\/v2\/pages\/47\/revisions\/49"}],"wp:attachment":[{"href":"https:\/\/upbeat-margulis.74-208-186-137.plesk.page\/en\/wp-json\/wp\/v2\/media?parent=47"}],"curies":[{"name":"wp","href":"https:\/\/api.w.org\/{rel}","templated":true}]}}